{"id":494,"date":"2019-03-26T12:30:43","date_gmt":"2019-03-26T10:30:43","guid":{"rendered":"https:\/\/geliurasa.lt\/?post_type=product&#038;p=494"},"modified":"2025-10-15T08:53:36","modified_gmt":"2025-10-15T05:53:36","slug":"zara","status":"publish","type":"product","link":"https:\/\/geliurasa.lt\/index.php\/produktas\/zara\/","title":{"rendered":"Vienadien\u0117  Zara"},"content":{"rendered":"","protected":false},"excerpt":{"rendered":"<p>Hemerocallis<\/p>\n<p>(V.Ba\u0146gieris 2013)\u00a0\u00a0 \u2022\u00a0 65 cm\u00a0 \u2022\u00a0 11 cm\u00a0 \u2022<\/p>\n<p>Spalva \u2013 tamsiai raudona su dar tamsesniu centru.\u00a0 Vorinio tipo &#8211; gausiai \u017eydinti, augi ir gyvybinga veisl\u0117.<\/p>\n<p>Ilgaam\u017eis ir nereiklus augimo s\u0105lygoms bei prie\u017ei\u016brai augalas.<\/p>\n","protected":false},"featured_media":495,"comment_status":"open","ping_status":"closed","template":"","meta":{"jetpack_publicize_message":"","jetpack_publicize_feature_enabled":true,"jetpack_social_post_already_shared":true,"jetpack_social_options":{"image_generator_settings":{"template":"highway","default_image_id":0,"font":"","enabled":false},"version":2}},"product_brand":[],"product_cat":[23,32],"product_tag":[59,61],"class_list":{"0":"post-494","1":"product","2":"type-product","3":"status-publish","4":"has-post-thumbnail","6":"product_cat-vienadienes-hemerocallis","7":"product_cat-vorines-vienadienes-spider","8":"product_tag-hemerocallis","9":"product_tag-vienadiene","10":"product_shipping_class-kita","12":"first","13":"instock","14":"shipping-taxable","15":"purchasable","16":"product-type-simple"},"jetpack_publicize_connections":[],"jetpack_sharing_enabled":true,"_links":{"self":[{"href":"https:\/\/geliurasa.lt\/index.php\/wp-json\/wp\/v2\/product\/494","targetHints":{"allow":["GET"]}}],"collection":[{"href":"https:\/\/geliurasa.lt\/index.php\/wp-json\/wp\/v2\/product"}],"about":[{"href":"https:\/\/geliurasa.lt\/index.php\/wp-json\/wp\/v2\/types\/product"}],"replies":[{"embeddable":true,"href":"https:\/\/geliurasa.lt\/index.php\/wp-json\/wp\/v2\/comments?post=494"}],"wp:featuredmedia":[{"embeddable":true,"href":"https:\/\/geliurasa.lt\/index.php\/wp-json\/wp\/v2\/media\/495"}],"wp:attachment":[{"href":"https:\/\/geliurasa.lt\/index.php\/wp-json\/wp\/v2\/media?parent=494"}],"wp:term":[{"taxonomy":"product_brand","embeddable":true,"href":"https:\/\/geliurasa.lt\/index.php\/wp-json\/wp\/v2\/product_brand?post=494"},{"taxonomy":"product_cat","embeddable":true,"href":"https:\/\/geliurasa.lt\/index.php\/wp-json\/wp\/v2\/product_cat?post=494"},{"taxonomy":"product_tag","embeddable":true,"href":"https:\/\/geliurasa.lt\/index.php\/wp-json\/wp\/v2\/product_tag?post=494"}],"curies":[{"name":"wp","href":"https:\/\/api.w.org\/{rel}","templated":true}]}}