{"id":506,"date":"2019-03-26T13:49:15","date_gmt":"2019-03-26T11:49:15","guid":{"rendered":"https:\/\/geliurasa.lt\/?post_type=product&#038;p=506"},"modified":"2026-03-18T12:15:46","modified_gmt":"2026-03-18T10:15:46","slug":"wild-mustang","status":"publish","type":"product","link":"https:\/\/geliurasa.lt\/index.php\/produktas\/wild-mustang\/","title":{"rendered":"Vienadien\u0117 Wild Mustang"},"content":{"rendered":"","protected":false},"excerpt":{"rendered":"<p>Hemerocallis<\/p>\n<p>(Cherry Drop \u00d7 (Wineberry Candy \u00d7 Tet. Priscilla&#8217;s Rainbow))<\/p>\n<p>(Stamile, 1995) \u2022\u00a0 58 cm\u00a0 \u2022\u00a0 14 cm\u00a0 \u2022\u00a0 Tet\u00a0 \u2022\u00a0 Dor<\/p>\n<p>Spalva &#8211; \u0161velniai kremin\u0117 su abrikos\u0173 atspalviu. \u017diedo centras rausvas. \u017diedlapiai plat\u016bs, gra\u017eiai garbanoti. Ry\u0161ki ir \u00a0spalvinga veisl\u0117.<\/p>\n<p>Ilgaam\u017eis ir nereiklus augimo s\u0105lygoms bei prie\u017ei\u016brai augalas.<\/p>\n<p>&nbsp;<\/p>\n","protected":false},"featured_media":507,"comment_status":"open","ping_status":"closed","template":"","meta":{"jetpack_publicize_message":"","jetpack_publicize_feature_enabled":true,"jetpack_social_post_already_shared":true,"jetpack_social_options":{"image_generator_settings":{"template":"highway","default_image_id":0,"font":"","enabled":false},"version":2}},"product_brand":[],"product_cat":[23,33],"product_tag":[59,61],"class_list":{"0":"post-506","1":"product","2":"type-product","3":"status-publish","4":"has-post-thumbnail","6":"product_cat-vienadienes-hemerocallis","7":"product_cat-zemauges-vienadienes","8":"product_tag-hemerocallis","9":"product_tag-vienadiene","10":"product_shipping_class-kita","12":"first","13":"outofstock","14":"shipping-taxable","15":"purchasable","16":"product-type-simple"},"jetpack_publicize_connections":[],"jetpack_sharing_enabled":true,"_links":{"self":[{"href":"https:\/\/geliurasa.lt\/index.php\/wp-json\/wp\/v2\/product\/506","targetHints":{"allow":["GET"]}}],"collection":[{"href":"https:\/\/geliurasa.lt\/index.php\/wp-json\/wp\/v2\/product"}],"about":[{"href":"https:\/\/geliurasa.lt\/index.php\/wp-json\/wp\/v2\/types\/product"}],"replies":[{"embeddable":true,"href":"https:\/\/geliurasa.lt\/index.php\/wp-json\/wp\/v2\/comments?post=506"}],"wp:featuredmedia":[{"embeddable":true,"href":"https:\/\/geliurasa.lt\/index.php\/wp-json\/wp\/v2\/media\/507"}],"wp:attachment":[{"href":"https:\/\/geliurasa.lt\/index.php\/wp-json\/wp\/v2\/media?parent=506"}],"wp:term":[{"taxonomy":"product_brand","embeddable":true,"href":"https:\/\/geliurasa.lt\/index.php\/wp-json\/wp\/v2\/product_brand?post=506"},{"taxonomy":"product_cat","embeddable":true,"href":"https:\/\/geliurasa.lt\/index.php\/wp-json\/wp\/v2\/product_cat?post=506"},{"taxonomy":"product_tag","embeddable":true,"href":"https:\/\/geliurasa.lt\/index.php\/wp-json\/wp\/v2\/product_tag?post=506"}],"curies":[{"name":"wp","href":"https:\/\/api.w.org\/{rel}","templated":true}]}}