{"id":563,"date":"2019-03-27T16:50:20","date_gmt":"2019-03-27T14:50:20","guid":{"rendered":"https:\/\/geliurasa.lt\/?post_type=product&#038;p=563"},"modified":"2026-05-04T15:39:24","modified_gmt":"2026-05-04T12:39:24","slug":"strawberry-candy","status":"publish","type":"product","link":"https:\/\/geliurasa.lt\/index.php\/produktas\/strawberry-candy\/","title":{"rendered":"Vienadien\u0117 Strawberry Candy"},"content":{"rendered":"","protected":false},"excerpt":{"rendered":"<p>Hemerocallis<\/p>\n<p>(Panache \u00d7 Tet. Siloam Virginia Henson)<\/p>\n<p>(Stamile 1989) \u2022\u00a0 66cm\u00a0 \u2022 11 cm\u00a0 \u2022 Tet\u00a0 \u2022 Sev<\/p>\n<p>Spalva \u2013 rausvai abrikosin\u0117 su ry\u0161kiai avietiniu centru. \u017diedlapi\u0173 garbanos su tamsiai ro\u017einiais apvadais. Labai gausiai \u017eydinti, kompakti\u0161ka, vis\u0173 ypa\u010d m\u0117gstama veisl\u0117. Augi, puikiai \u017eiemojanti vienadien\u0117. Nuostabiai \u0161velnus gro\u017eis!<\/p>\n<p>Ilgaam\u017eis ir nereiklus augimo s\u0105lygoms bei prie\u017ei\u016brai augalas.<\/p>\n","protected":false},"featured_media":564,"comment_status":"open","ping_status":"closed","template":"","meta":{"jetpack_publicize_message":"","jetpack_publicize_feature_enabled":true,"jetpack_social_post_already_shared":true,"jetpack_social_options":{"image_generator_settings":{"template":"highway","default_image_id":0,"font":"","enabled":false},"version":2}},"product_brand":[],"product_cat":[23,33],"product_tag":[59,60],"class_list":{"0":"post-563","1":"product","2":"type-product","3":"status-publish","4":"has-post-thumbnail","6":"product_cat-vienadienes-hemerocallis","7":"product_cat-zemauges-vienadienes","8":"product_tag-hemerocallis","9":"product_tag-viendiene","10":"product_shipping_class-kita","12":"first","13":"instock","14":"shipping-taxable","15":"purchasable","16":"product-type-simple"},"jetpack_publicize_connections":[],"jetpack_sharing_enabled":true,"_links":{"self":[{"href":"https:\/\/geliurasa.lt\/index.php\/wp-json\/wp\/v2\/product\/563","targetHints":{"allow":["GET"]}}],"collection":[{"href":"https:\/\/geliurasa.lt\/index.php\/wp-json\/wp\/v2\/product"}],"about":[{"href":"https:\/\/geliurasa.lt\/index.php\/wp-json\/wp\/v2\/types\/product"}],"replies":[{"embeddable":true,"href":"https:\/\/geliurasa.lt\/index.php\/wp-json\/wp\/v2\/comments?post=563"}],"wp:featuredmedia":[{"embeddable":true,"href":"https:\/\/geliurasa.lt\/index.php\/wp-json\/wp\/v2\/media\/564"}],"wp:attachment":[{"href":"https:\/\/geliurasa.lt\/index.php\/wp-json\/wp\/v2\/media?parent=563"}],"wp:term":[{"taxonomy":"product_brand","embeddable":true,"href":"https:\/\/geliurasa.lt\/index.php\/wp-json\/wp\/v2\/product_brand?post=563"},{"taxonomy":"product_cat","embeddable":true,"href":"https:\/\/geliurasa.lt\/index.php\/wp-json\/wp\/v2\/product_cat?post=563"},{"taxonomy":"product_tag","embeddable":true,"href":"https:\/\/geliurasa.lt\/index.php\/wp-json\/wp\/v2\/product_tag?post=563"}],"curies":[{"name":"wp","href":"https:\/\/api.w.org\/{rel}","templated":true}]}}