{"id":570,"date":"2019-03-27T20:19:52","date_gmt":"2019-03-27T18:19:52","guid":{"rendered":"https:\/\/geliurasa.lt\/?post_type=product&#038;p=570"},"modified":"2025-08-10T16:41:02","modified_gmt":"2025-08-10T13:41:02","slug":"south-seas","status":"publish","type":"product","link":"https:\/\/geliurasa.lt\/index.php\/produktas\/south-seas\/","title":{"rendered":"Vienadien\u0117 South Seas"},"content":{"rendered":"","protected":false},"excerpt":{"rendered":"<p>Hemerocallis<\/p>\n<p>(Chicago Apache \u00d7 Ming Porcelain)<\/p>\n<p>(Moldovan 1993) \u2022\u00a0 76cm\u00a0 \u2022 14 cm\u00a0 \u2022 Tet\u00a0 \u2022 Dor<\/p>\n<p>Spalva \u2013 rausvai koralin\u0117 su mandarin\u0173 atspalviu. Pasteliniai \u017eiedai ryte b\u016bna sodresni\u0173 atspalvi\u0173, dien\u0105 \u0161viesesni. Labai tvirti \u017eiedstiebiai, i\u0161kyla vir\u0161 lap\u0173 ir formuoja gra\u017e\u0173 kr\u016bm\u0105. Gerai auganti, gausiai ir ilgai \u017eydinti, ne\u012fprasta veisl\u0117. Viena i\u0161 mano m\u0117gstamiausi\u0173.<\/p>\n<p>Ilgaam\u017eis ir nereiklus augimo s\u0105lygoms bei prie\u017ei\u016brai augalas.<\/p>\n<p>&nbsp;<\/p>\n","protected":false},"featured_media":575,"comment_status":"open","ping_status":"closed","template":"","meta":{"jetpack_publicize_message":"","jetpack_publicize_feature_enabled":true,"jetpack_social_post_already_shared":true,"jetpack_social_options":{"image_generator_settings":{"template":"highway","default_image_id":0,"font":"","enabled":false},"version":2}},"product_brand":[],"product_cat":[34,23],"product_tag":[59,61],"class_list":{"0":"post-570","1":"product","2":"type-product","3":"status-publish","4":"has-post-thumbnail","6":"product_cat-vidutinio-ugio-vienadienes","7":"product_cat-vienadienes-hemerocallis","8":"product_tag-hemerocallis","9":"product_tag-vienadiene","10":"product_shipping_class-kita","12":"first","13":"instock","14":"shipping-taxable","15":"purchasable","16":"product-type-simple"},"jetpack_publicize_connections":[],"jetpack_sharing_enabled":true,"_links":{"self":[{"href":"https:\/\/geliurasa.lt\/index.php\/wp-json\/wp\/v2\/product\/570","targetHints":{"allow":["GET"]}}],"collection":[{"href":"https:\/\/geliurasa.lt\/index.php\/wp-json\/wp\/v2\/product"}],"about":[{"href":"https:\/\/geliurasa.lt\/index.php\/wp-json\/wp\/v2\/types\/product"}],"replies":[{"embeddable":true,"href":"https:\/\/geliurasa.lt\/index.php\/wp-json\/wp\/v2\/comments?post=570"}],"wp:featuredmedia":[{"embeddable":true,"href":"https:\/\/geliurasa.lt\/index.php\/wp-json\/wp\/v2\/media\/575"}],"wp:attachment":[{"href":"https:\/\/geliurasa.lt\/index.php\/wp-json\/wp\/v2\/media?parent=570"}],"wp:term":[{"taxonomy":"product_brand","embeddable":true,"href":"https:\/\/geliurasa.lt\/index.php\/wp-json\/wp\/v2\/product_brand?post=570"},{"taxonomy":"product_cat","embeddable":true,"href":"https:\/\/geliurasa.lt\/index.php\/wp-json\/wp\/v2\/product_cat?post=570"},{"taxonomy":"product_tag","embeddable":true,"href":"https:\/\/geliurasa.lt\/index.php\/wp-json\/wp\/v2\/product_tag?post=570"}],"curies":[{"name":"wp","href":"https:\/\/api.w.org\/{rel}","templated":true}]}}