{"id":578,"date":"2019-03-27T20:42:22","date_gmt":"2019-03-27T18:42:22","guid":{"rendered":"https:\/\/geliurasa.lt\/?post_type=product&#038;p=578"},"modified":"2026-01-03T01:53:15","modified_gmt":"2026-01-02T23:53:15","slug":"silvija","status":"publish","type":"product","link":"https:\/\/geliurasa.lt\/index.php\/produktas\/silvija\/","title":{"rendered":"Vienadien\u0117 Silvija"},"content":{"rendered":"","protected":false},"excerpt":{"rendered":"<p>Hemerocallis<\/p>\n<p>(Vasarietis) \u2022\u00a0 85 cm\u00a0 \u2022 13 cm\u00a0 \u2022 Dor\u00a0 \u2022<\/p>\n<p>Spalva \u2013 violetin\u0117 su tamsiu \u017eiedo centru. Labai gerai auganti, gausiai ir ilgai \u017eydinti latvi\u0161ka veisl\u0117.<\/p>\n<p>Ilgaam\u017eis ir nereiklus augimo s\u0105lygoms bei prie\u017ei\u016brai augalas.<\/p>\n","protected":false},"featured_media":579,"comment_status":"open","ping_status":"closed","template":"","meta":{"jetpack_publicize_message":"","jetpack_publicize_feature_enabled":true,"jetpack_social_post_already_shared":true,"jetpack_social_options":{"image_generator_settings":{"template":"highway","default_image_id":0,"font":"","enabled":false},"version":2}},"product_brand":[],"product_cat":[34,23],"product_tag":[59,61],"class_list":{"0":"post-578","1":"product","2":"type-product","3":"status-publish","4":"has-post-thumbnail","6":"product_cat-vidutinio-ugio-vienadienes","7":"product_cat-vienadienes-hemerocallis","8":"product_tag-hemerocallis","9":"product_tag-vienadiene","10":"product_shipping_class-kita","12":"first","13":"instock","14":"shipping-taxable","15":"purchasable","16":"product-type-simple"},"jetpack_publicize_connections":[],"jetpack_sharing_enabled":true,"_links":{"self":[{"href":"https:\/\/geliurasa.lt\/index.php\/wp-json\/wp\/v2\/product\/578","targetHints":{"allow":["GET"]}}],"collection":[{"href":"https:\/\/geliurasa.lt\/index.php\/wp-json\/wp\/v2\/product"}],"about":[{"href":"https:\/\/geliurasa.lt\/index.php\/wp-json\/wp\/v2\/types\/product"}],"replies":[{"embeddable":true,"href":"https:\/\/geliurasa.lt\/index.php\/wp-json\/wp\/v2\/comments?post=578"}],"wp:featuredmedia":[{"embeddable":true,"href":"https:\/\/geliurasa.lt\/index.php\/wp-json\/wp\/v2\/media\/579"}],"wp:attachment":[{"href":"https:\/\/geliurasa.lt\/index.php\/wp-json\/wp\/v2\/media?parent=578"}],"wp:term":[{"taxonomy":"product_brand","embeddable":true,"href":"https:\/\/geliurasa.lt\/index.php\/wp-json\/wp\/v2\/product_brand?post=578"},{"taxonomy":"product_cat","embeddable":true,"href":"https:\/\/geliurasa.lt\/index.php\/wp-json\/wp\/v2\/product_cat?post=578"},{"taxonomy":"product_tag","embeddable":true,"href":"https:\/\/geliurasa.lt\/index.php\/wp-json\/wp\/v2\/product_tag?post=578"}],"curies":[{"name":"wp","href":"https:\/\/api.w.org\/{rel}","templated":true}]}}