{"id":632,"date":"2019-04-03T15:39:33","date_gmt":"2019-04-03T12:39:33","guid":{"rendered":"https:\/\/geliurasa.lt\/?post_type=product&#038;p=632"},"modified":"2025-07-22T09:49:20","modified_gmt":"2025-07-22T06:49:20","slug":"outrageous","status":"publish","type":"product","link":"https:\/\/geliurasa.lt\/index.php\/produktas\/outrageous\/","title":{"rendered":"Vienadien\u0117 Outrageous"},"content":{"rendered":"","protected":false},"excerpt":{"rendered":"<p>Hemerocallis<\/p>\n<p>((Bengaleer \u00d7 Allegiance) \u00d7 (Paprika Velvet \u00d7 Allegiance))<\/p>\n<p>(Stevens-D.1978) \u2022\u00a0 70 cm\u00a0 \u2022\u00a0 14 cm\u00a0 \u2022\u00a0 Tet\u00a0 \u2022\u00a0 Dor<\/p>\n<p>Spalva \u2013 oran\u017ein\u0117. \u017diedo platus ry\u0161kiai raudonas centras labai i\u0161rai\u0161kingas. \u017dydi nepaprastai gausiai ir ilgai, puikiai \u017eiemoja. Kontrastinga ir \u012fsp\u016bdinga veisl\u0117!<\/p>\n<p>Ilgaam\u017eis ir nereiklus augimo s\u0105lygoms bei prie\u017ei\u016brai augalas.<\/p>\n","protected":false},"featured_media":633,"comment_status":"open","ping_status":"closed","template":"","meta":{"jetpack_publicize_message":"","jetpack_publicize_feature_enabled":true,"jetpack_social_post_already_shared":true,"jetpack_social_options":{"image_generator_settings":{"template":"highway","default_image_id":0,"font":"","enabled":false},"version":2}},"product_brand":[],"product_cat":[34,23],"product_tag":[],"class_list":{"0":"post-632","1":"product","2":"type-product","3":"status-publish","4":"has-post-thumbnail","6":"product_cat-vidutinio-ugio-vienadienes","7":"product_cat-vienadienes-hemerocallis","8":"product_shipping_class-kita","10":"first","11":"instock","12":"shipping-taxable","13":"purchasable","14":"product-type-simple"},"jetpack_publicize_connections":[],"jetpack_sharing_enabled":true,"_links":{"self":[{"href":"https:\/\/geliurasa.lt\/index.php\/wp-json\/wp\/v2\/product\/632","targetHints":{"allow":["GET"]}}],"collection":[{"href":"https:\/\/geliurasa.lt\/index.php\/wp-json\/wp\/v2\/product"}],"about":[{"href":"https:\/\/geliurasa.lt\/index.php\/wp-json\/wp\/v2\/types\/product"}],"replies":[{"embeddable":true,"href":"https:\/\/geliurasa.lt\/index.php\/wp-json\/wp\/v2\/comments?post=632"}],"wp:featuredmedia":[{"embeddable":true,"href":"https:\/\/geliurasa.lt\/index.php\/wp-json\/wp\/v2\/media\/633"}],"wp:attachment":[{"href":"https:\/\/geliurasa.lt\/index.php\/wp-json\/wp\/v2\/media?parent=632"}],"wp:term":[{"taxonomy":"product_brand","embeddable":true,"href":"https:\/\/geliurasa.lt\/index.php\/wp-json\/wp\/v2\/product_brand?post=632"},{"taxonomy":"product_cat","embeddable":true,"href":"https:\/\/geliurasa.lt\/index.php\/wp-json\/wp\/v2\/product_cat?post=632"},{"taxonomy":"product_tag","embeddable":true,"href":"https:\/\/geliurasa.lt\/index.php\/wp-json\/wp\/v2\/product_tag?post=632"}],"curies":[{"name":"wp","href":"https:\/\/api.w.org\/{rel}","templated":true}]}}