{"id":640,"date":"2019-04-03T16:19:25","date_gmt":"2019-04-03T13:19:25","guid":{"rendered":"https:\/\/geliurasa.lt\/?post_type=product&#038;p=640"},"modified":"2025-08-20T21:22:25","modified_gmt":"2025-08-20T18:22:25","slug":"real-wind","status":"publish","type":"product","link":"https:\/\/geliurasa.lt\/index.php\/produktas\/real-wind\/","title":{"rendered":"Vienadien\u0117 Real Wind"},"content":{"rendered":"","protected":false},"excerpt":{"rendered":"<p>Hemerocallis<\/p>\n<p>(Wild, 1977) \u2022\u00a0 80 cm\u00a0 \u2022\u00a0 16 cm\u00a0 \u2022\u00a0 Tet\u00a0 \u2022\u00a0 Dor<\/p>\n<p>Spalva \u2013 \u0161velniai rausva. Geltonas \u017eiedo centras persilieja su pla\u010diu avietinio atspalvio \u017eiedlapi\u0173 pot\u0117piu. Apvali \u017eiedo forma labai savita. Originali vienadien\u0117, kurios tiesiog ne\u012fmanoma nepasteb\u0117ti.<\/p>\n<p>Ilgaam\u017eis ir nereiklus augimo s\u0105lygoms bei prie\u017ei\u016brai augalas.<\/p>\n","protected":false},"featured_media":641,"comment_status":"open","ping_status":"closed","template":"","meta":{"jetpack_publicize_message":"","jetpack_publicize_feature_enabled":true,"jetpack_social_post_already_shared":true,"jetpack_social_options":{"image_generator_settings":{"template":"highway","default_image_id":0,"font":"","enabled":false},"version":2}},"product_brand":[],"product_cat":[34,23],"product_tag":[],"class_list":{"0":"post-640","1":"product","2":"type-product","3":"status-publish","4":"has-post-thumbnail","6":"product_cat-vidutinio-ugio-vienadienes","7":"product_cat-vienadienes-hemerocallis","8":"product_shipping_class-kita","10":"first","11":"instock","12":"shipping-taxable","13":"purchasable","14":"product-type-simple"},"jetpack_publicize_connections":[],"jetpack_sharing_enabled":true,"_links":{"self":[{"href":"https:\/\/geliurasa.lt\/index.php\/wp-json\/wp\/v2\/product\/640","targetHints":{"allow":["GET"]}}],"collection":[{"href":"https:\/\/geliurasa.lt\/index.php\/wp-json\/wp\/v2\/product"}],"about":[{"href":"https:\/\/geliurasa.lt\/index.php\/wp-json\/wp\/v2\/types\/product"}],"replies":[{"embeddable":true,"href":"https:\/\/geliurasa.lt\/index.php\/wp-json\/wp\/v2\/comments?post=640"}],"wp:featuredmedia":[{"embeddable":true,"href":"https:\/\/geliurasa.lt\/index.php\/wp-json\/wp\/v2\/media\/641"}],"wp:attachment":[{"href":"https:\/\/geliurasa.lt\/index.php\/wp-json\/wp\/v2\/media?parent=640"}],"wp:term":[{"taxonomy":"product_brand","embeddable":true,"href":"https:\/\/geliurasa.lt\/index.php\/wp-json\/wp\/v2\/product_brand?post=640"},{"taxonomy":"product_cat","embeddable":true,"href":"https:\/\/geliurasa.lt\/index.php\/wp-json\/wp\/v2\/product_cat?post=640"},{"taxonomy":"product_tag","embeddable":true,"href":"https:\/\/geliurasa.lt\/index.php\/wp-json\/wp\/v2\/product_tag?post=640"}],"curies":[{"name":"wp","href":"https:\/\/api.w.org\/{rel}","templated":true}]}}