{"id":670,"date":"2019-04-05T13:47:11","date_gmt":"2019-04-05T10:47:11","guid":{"rendered":"https:\/\/geliurasa.lt\/?post_type=product&#038;p=670"},"modified":"2025-07-31T14:44:03","modified_gmt":"2025-07-31T11:44:03","slug":"love-those-eyes","status":"publish","type":"product","link":"https:\/\/geliurasa.lt\/index.php\/produktas\/love-those-eyes\/","title":{"rendered":"Vienadien\u0117 Love Those Eyes"},"content":{"rendered":"","protected":false},"excerpt":{"rendered":"<p>Hemerocallis<\/p>\n<p>T\u0117vyst\u0117: (Bandit Man \u00d7 sdlg)<\/p>\n<p>(Rasmussen, 1987) \u2022\u00a0 61 cm\u00a0 \u2022\u00a0 11 cm\u00a0 \u2022\u00a0 Tet\u00a0 \u2022\u00a0 Dor<\/p>\n<p>Spalva \u2013 geltona, o i\u0161 \u017eiedo centro eina ry\u0161k\u016bs raudoni pot\u0117piai. Neauk\u0161ta, gausiai \u017eydinti, i\u0161rai\u0161kinga veisl\u0117.<\/p>\n<p>Ilgaam\u017eis ir nereiklus augimo s\u0105lygoms bei prie\u017ei\u016brai augalas.<\/p>\n<p>&nbsp;<\/p>\n","protected":false},"featured_media":671,"comment_status":"open","ping_status":"closed","template":"","meta":{"jetpack_publicize_message":"","jetpack_publicize_feature_enabled":true,"jetpack_social_post_already_shared":true,"jetpack_social_options":{"image_generator_settings":{"template":"highway","default_image_id":0,"font":"","enabled":false},"version":2}},"product_brand":[],"product_cat":[34,23],"product_tag":[59,61],"class_list":{"0":"post-670","1":"product","2":"type-product","3":"status-publish","4":"has-post-thumbnail","6":"product_cat-vidutinio-ugio-vienadienes","7":"product_cat-vienadienes-hemerocallis","8":"product_tag-hemerocallis","9":"product_tag-vienadiene","10":"product_shipping_class-kita","12":"first","13":"instock","14":"shipping-taxable","15":"purchasable","16":"product-type-simple"},"jetpack_publicize_connections":[],"jetpack_sharing_enabled":true,"_links":{"self":[{"href":"https:\/\/geliurasa.lt\/index.php\/wp-json\/wp\/v2\/product\/670","targetHints":{"allow":["GET"]}}],"collection":[{"href":"https:\/\/geliurasa.lt\/index.php\/wp-json\/wp\/v2\/product"}],"about":[{"href":"https:\/\/geliurasa.lt\/index.php\/wp-json\/wp\/v2\/types\/product"}],"replies":[{"embeddable":true,"href":"https:\/\/geliurasa.lt\/index.php\/wp-json\/wp\/v2\/comments?post=670"}],"wp:featuredmedia":[{"embeddable":true,"href":"https:\/\/geliurasa.lt\/index.php\/wp-json\/wp\/v2\/media\/671"}],"wp:attachment":[{"href":"https:\/\/geliurasa.lt\/index.php\/wp-json\/wp\/v2\/media?parent=670"}],"wp:term":[{"taxonomy":"product_brand","embeddable":true,"href":"https:\/\/geliurasa.lt\/index.php\/wp-json\/wp\/v2\/product_brand?post=670"},{"taxonomy":"product_cat","embeddable":true,"href":"https:\/\/geliurasa.lt\/index.php\/wp-json\/wp\/v2\/product_cat?post=670"},{"taxonomy":"product_tag","embeddable":true,"href":"https:\/\/geliurasa.lt\/index.php\/wp-json\/wp\/v2\/product_tag?post=670"}],"curies":[{"name":"wp","href":"https:\/\/api.w.org\/{rel}","templated":true}]}}